{"id":57,"date":"2024-04-27T06:09:31","date_gmt":"2024-04-27T04:09:31","guid":{"rendered":"https:\/\/abrimexmexico.com\/?page_id=57"},"modified":"2025-05-12T00:13:09","modified_gmt":"2025-05-12T06:13:09","slug":"zapato-enfermeria","status":"publish","type":"page","link":"https:\/\/abrimexmexico.com\/index.php\/zapato-enfermeria\/","title":{"rendered":"ZAPATO ENFERMERIA"},"content":{"rendered":"","protected":false},"excerpt":{"rendered":"","protected":false},"author":1,"featured_media":0,"parent":0,"menu_order":0,"comment_status":"closed","ping_status":"closed","template":"","meta":{"om_disable_all_campaigns":false,"_monsterinsights_skip_tracking":false,"_monsterinsights_sitenote_active":false,"_monsterinsights_sitenote_note":"","_monsterinsights_sitenote_category":0,"footnotes":""},"class_list":["post-57","page","type-page","status-publish","hentry"],"yoast_head":"<!-- This site is optimized with the Yoast SEO Premium plugin v26.6 (Yoast SEO v27.5) - https:\/\/yoast.com\/product\/yoast-seo-premium-wordpress\/ -->\n<title>Zapatos para personal m\u00e9dico: comodidad y estilo - Abrimex Mexico UniformeS<\/title>\n<meta name=\"description\" content=\"Conoce los mejores zapatos para personal m\u00e9dico, dise\u00f1ados para ofrecer comodidad y soporte durante largas jornadas de trabajo.\" \/>\n<meta name=\"robots\" content=\"index, follow, max-snippet:-1, max-image-preview:large, max-video-preview:-1\" \/>\n<link rel=\"canonical\" href=\"https:\/\/abrimexmexico.com\/index.php\/zapato-enfermeria\/\" \/>\n<meta property=\"og:locale\" content=\"es_ES\" \/>\n<meta property=\"og:type\" content=\"article\" \/>\n<meta property=\"og:title\" content=\"ZAPATO ENFERMERIA\" \/>\n<meta property=\"og:description\" content=\"Conoce los mejores zapatos para personal m\u00e9dico, dise\u00f1ados para ofrecer comodidad y soporte durante largas jornadas de trabajo.\" \/>\n<meta property=\"og:url\" content=\"https:\/\/abrimexmexico.com\/index.php\/zapato-enfermeria\/\" \/>\n<meta property=\"og:site_name\" content=\"Abrimex Mexico UniformeS\" \/>\n<meta property=\"article:modified_time\" content=\"2025-05-12T06:13:09+00:00\" \/>\n<meta property=\"og:image\" content=\"https:\/\/abrimexmexico.com\/wp-content\/uploads\/2025\/05\/De-colores-scaled.png\" \/>\n\t<meta property=\"og:image:width\" content=\"2560\" \/>\n\t<meta property=\"og:image:height\" content=\"1580\" \/>\n\t<meta property=\"og:image:type\" content=\"image\/png\" \/>\n<meta name=\"twitter:card\" content=\"summary_large_image\" \/>\n<script type=\"application\/ld+json\" class=\"yoast-schema-graph\">{\"@context\":\"https:\\\/\\\/schema.org\",\"@graph\":[{\"@type\":\"WebPage\",\"@id\":\"https:\\\/\\\/abrimexmexico.com\\\/index.php\\\/zapato-enfermeria\\\/\",\"url\":\"https:\\\/\\\/abrimexmexico.com\\\/index.php\\\/zapato-enfermeria\\\/\",\"name\":\"Zapatos para personal m\u00e9dico: comodidad y estilo - Abrimex Mexico UniformeS\",\"isPartOf\":{\"@id\":\"https:\\\/\\\/abrimexmexico.com\\\/#website\"},\"datePublished\":\"2024-04-27T04:09:31+00:00\",\"dateModified\":\"2025-05-12T06:13:09+00:00\",\"description\":\"Conoce los mejores zapatos para personal m\u00e9dico, dise\u00f1ados para ofrecer comodidad y soporte durante largas jornadas de trabajo.\",\"breadcrumb\":{\"@id\":\"https:\\\/\\\/abrimexmexico.com\\\/index.php\\\/zapato-enfermeria\\\/#breadcrumb\"},\"inLanguage\":\"es\",\"potentialAction\":[{\"@type\":\"ReadAction\",\"target\":[\"https:\\\/\\\/abrimexmexico.com\\\/index.php\\\/zapato-enfermeria\\\/\"]}]},{\"@type\":\"BreadcrumbList\",\"@id\":\"https:\\\/\\\/abrimexmexico.com\\\/index.php\\\/zapato-enfermeria\\\/#breadcrumb\",\"itemListElement\":[{\"@type\":\"ListItem\",\"position\":1,\"name\":\"Portada\",\"item\":\"https:\\\/\\\/abrimexmexico.com\\\/\"},{\"@type\":\"ListItem\",\"position\":2,\"name\":\"ZAPATO ENFERMERIA\"}]},{\"@type\":\"WebSite\",\"@id\":\"https:\\\/\\\/abrimexmexico.com\\\/#website\",\"url\":\"https:\\\/\\\/abrimexmexico.com\\\/\",\"name\":\"Abrimex Mexico UniformeS\",\"description\":\"UNIFORMES EMPRESARIALES E INSTITUCIONALES\",\"publisher\":{\"@id\":\"https:\\\/\\\/abrimexmexico.com\\\/#organization\"},\"alternateName\":\"Abrimex\",\"potentialAction\":[{\"@type\":\"SearchAction\",\"target\":{\"@type\":\"EntryPoint\",\"urlTemplate\":\"https:\\\/\\\/abrimexmexico.com\\\/?s={search_term_string}\"},\"query-input\":{\"@type\":\"PropertyValueSpecification\",\"valueRequired\":true,\"valueName\":\"search_term_string\"}}],\"inLanguage\":\"es\"},{\"@type\":\"Organization\",\"@id\":\"https:\\\/\\\/abrimexmexico.com\\\/#organization\",\"name\":\"Abrimex Mexico UniformeS\",\"url\":\"https:\\\/\\\/abrimexmexico.com\\\/\",\"logo\":{\"@type\":\"ImageObject\",\"inLanguage\":\"es\",\"@id\":\"https:\\\/\\\/abrimexmexico.com\\\/#\\\/schema\\\/logo\\\/image\\\/\",\"url\":\"https:\\\/\\\/abrimexmexico.com\\\/wp-content\\\/uploads\\\/2024\\\/07\\\/cropped-De-colores.png\",\"contentUrl\":\"https:\\\/\\\/abrimexmexico.com\\\/wp-content\\\/uploads\\\/2024\\\/07\\\/cropped-De-colores.png\",\"width\":4091,\"height\":1171,\"caption\":\"Abrimex Mexico UniformeS\"},\"image\":{\"@id\":\"https:\\\/\\\/abrimexmexico.com\\\/#\\\/schema\\\/logo\\\/image\\\/\"}}]}<\/script>\n<!-- \/ Yoast SEO Premium plugin. -->","yoast_head_json":{"title":"Zapatos para personal m\u00e9dico: comodidad y estilo - Abrimex Mexico UniformeS","description":"Conoce los mejores zapatos para personal m\u00e9dico, dise\u00f1ados para ofrecer comodidad y soporte durante largas jornadas de trabajo.","robots":{"index":"index","follow":"follow","max-snippet":"max-snippet:-1","max-image-preview":"max-image-preview:large","max-video-preview":"max-video-preview:-1"},"canonical":"https:\/\/abrimexmexico.com\/index.php\/zapato-enfermeria\/","og_locale":"es_ES","og_type":"article","og_title":"ZAPATO ENFERMERIA","og_description":"Conoce los mejores zapatos para personal m\u00e9dico, dise\u00f1ados para ofrecer comodidad y soporte durante largas jornadas de trabajo.","og_url":"https:\/\/abrimexmexico.com\/index.php\/zapato-enfermeria\/","og_site_name":"Abrimex Mexico UniformeS","article_modified_time":"2025-05-12T06:13:09+00:00","og_image":[{"width":2560,"height":1580,"url":"https:\/\/abrimexmexico.com\/wp-content\/uploads\/2025\/05\/De-colores-scaled.png","type":"image\/png"}],"twitter_card":"summary_large_image","schema":{"@context":"https:\/\/schema.org","@graph":[{"@type":"WebPage","@id":"https:\/\/abrimexmexico.com\/index.php\/zapato-enfermeria\/","url":"https:\/\/abrimexmexico.com\/index.php\/zapato-enfermeria\/","name":"Zapatos para personal m\u00e9dico: comodidad y estilo - Abrimex Mexico UniformeS","isPartOf":{"@id":"https:\/\/abrimexmexico.com\/#website"},"datePublished":"2024-04-27T04:09:31+00:00","dateModified":"2025-05-12T06:13:09+00:00","description":"Conoce los mejores zapatos para personal m\u00e9dico, dise\u00f1ados para ofrecer comodidad y soporte durante largas jornadas de trabajo.","breadcrumb":{"@id":"https:\/\/abrimexmexico.com\/index.php\/zapato-enfermeria\/#breadcrumb"},"inLanguage":"es","potentialAction":[{"@type":"ReadAction","target":["https:\/\/abrimexmexico.com\/index.php\/zapato-enfermeria\/"]}]},{"@type":"BreadcrumbList","@id":"https:\/\/abrimexmexico.com\/index.php\/zapato-enfermeria\/#breadcrumb","itemListElement":[{"@type":"ListItem","position":1,"name":"Portada","item":"https:\/\/abrimexmexico.com\/"},{"@type":"ListItem","position":2,"name":"ZAPATO ENFERMERIA"}]},{"@type":"WebSite","@id":"https:\/\/abrimexmexico.com\/#website","url":"https:\/\/abrimexmexico.com\/","name":"Abrimex Mexico UniformeS","description":"UNIFORMES EMPRESARIALES E INSTITUCIONALES","publisher":{"@id":"https:\/\/abrimexmexico.com\/#organization"},"alternateName":"Abrimex","potentialAction":[{"@type":"SearchAction","target":{"@type":"EntryPoint","urlTemplate":"https:\/\/abrimexmexico.com\/?s={search_term_string}"},"query-input":{"@type":"PropertyValueSpecification","valueRequired":true,"valueName":"search_term_string"}}],"inLanguage":"es"},{"@type":"Organization","@id":"https:\/\/abrimexmexico.com\/#organization","name":"Abrimex Mexico UniformeS","url":"https:\/\/abrimexmexico.com\/","logo":{"@type":"ImageObject","inLanguage":"es","@id":"https:\/\/abrimexmexico.com\/#\/schema\/logo\/image\/","url":"https:\/\/abrimexmexico.com\/wp-content\/uploads\/2024\/07\/cropped-De-colores.png","contentUrl":"https:\/\/abrimexmexico.com\/wp-content\/uploads\/2024\/07\/cropped-De-colores.png","width":4091,"height":1171,"caption":"Abrimex Mexico UniformeS"},"image":{"@id":"https:\/\/abrimexmexico.com\/#\/schema\/logo\/image\/"}}]}},"_links":{"self":[{"href":"https:\/\/abrimexmexico.com\/index.php\/wp-json\/wp\/v2\/pages\/57","targetHints":{"allow":["GET"]}}],"collection":[{"href":"https:\/\/abrimexmexico.com\/index.php\/wp-json\/wp\/v2\/pages"}],"about":[{"href":"https:\/\/abrimexmexico.com\/index.php\/wp-json\/wp\/v2\/types\/page"}],"author":[{"embeddable":true,"href":"https:\/\/abrimexmexico.com\/index.php\/wp-json\/wp\/v2\/users\/1"}],"replies":[{"embeddable":true,"href":"https:\/\/abrimexmexico.com\/index.php\/wp-json\/wp\/v2\/comments?post=57"}],"version-history":[{"count":1,"href":"https:\/\/abrimexmexico.com\/index.php\/wp-json\/wp\/v2\/pages\/57\/revisions"}],"predecessor-version":[{"id":58,"href":"https:\/\/abrimexmexico.com\/index.php\/wp-json\/wp\/v2\/pages\/57\/revisions\/58"}],"wp:attachment":[{"href":"https:\/\/abrimexmexico.com\/index.php\/wp-json\/wp\/v2\/media?parent=57"}],"curies":[{"name":"wp","href":"https:\/\/api.w.org\/{rel}","templated":true}]}}