{"id":10,"date":"2023-09-04T08:12:19","date_gmt":"2023-09-04T06:12:19","guid":{"rendered":"https:\/\/abrimexmexico.com\/?page_id=10"},"modified":"2024-07-10T05:40:22","modified_gmt":"2024-07-10T03:40:22","slug":"contacto","status":"publish","type":"page","link":"https:\/\/abrimexmexico.com\/index.php\/contacto\/","title":{"rendered":"Contacto"},"content":{"rendered":"\t\t<div data-elementor-type=\"wp-page\" data-elementor-id=\"10\" class=\"elementor elementor-10\" data-elementor-post-type=\"page\">\n\t\t\t\t<div class=\"elementor-element elementor-element-4a7067f e-flex e-con-boxed e-con e-parent\" data-id=\"4a7067f\" data-element_type=\"container\">\n\t\t\t\t\t<div class=\"e-con-inner\">\n\t\t<div class=\"elementor-element elementor-element-6d130bb e-con-full e-flex e-con e-child\" data-id=\"6d130bb\" data-element_type=\"container\">\n\t\t\t\t<div class=\"elementor-element elementor-element-47fa3a2 elementor-widget elementor-widget-text-editor\" data-id=\"47fa3a2\" data-element_type=\"widget\" data-widget_type=\"text-editor.default\">\n\t\t\t\t<div class=\"elementor-widget-container\">\n\t\t\t\t\t\t\t\t\t<p>Ponte en contacto con uno de nuestros asesores para recibir una mayor informaci\u00f3n detallada sobre todos nuestros productos disponibles. Nos encantar\u00eda proporcionarte detalles exhaustivos sobre nuestros productos de alta calidad y ayudarte a tomar la mejor decisi\u00f3n en cuanto a satisfacer tus necesidades espec\u00edficas. As\u00ed que no esperes m\u00e1s y cont\u00e1ctanos hoy mismo para obtener toda la informaci\u00f3n que necesitas para tomar una decisi\u00f3n acertada.<\/p><p>En <strong>Karen design<\/strong> nos especializamos en la creaci\u00f3n y distribuci\u00f3n de uniformes de alta calidad para empresas y centros de trabajo. Nuestro objetivo es brindar soluciones de vestuario que combinen moda y funcionalidad, permitiendo a nuestros clientes proyectar una imagen profesional y atractiva. Trabajamos con los mejores materiales y dise\u00f1os exclusivos para garantizar la satisfacci\u00f3n de nuestros clientes.<\/p>\t\t\t\t\t\t\t\t<\/div>\n\t\t\t\t<\/div>\n\t\t\t\t<\/div>\n\t\t<div class=\"elementor-element elementor-element-7fb87cb e-con-full e-flex e-con e-child\" data-id=\"7fb87cb\" data-element_type=\"container\">\n\t\t\t\t<div class=\"elementor-element elementor-element-4edc509 elementor-widget elementor-widget-image\" data-id=\"4edc509\" data-element_type=\"widget\" data-widget_type=\"image.default\">\n\t\t\t\t<div class=\"elementor-widget-container\">\n\t\t\t\t\t\t\t\t\t\t\t\t\t\t\t<img fetchpriority=\"high\" decoding=\"async\" width=\"800\" height=\"800\" src=\"https:\/\/abrimexmexico.com\/wp-content\/uploads\/2023\/09\/0ea1635c-b1e8-4007-a2b1-e7a81e23e686.webp\" class=\"attachment-large size-large wp-image-976\" alt=\"\" srcset=\"https:\/\/abrimexmexico.com\/wp-content\/uploads\/2023\/09\/0ea1635c-b1e8-4007-a2b1-e7a81e23e686.webp 1024w, https:\/\/abrimexmexico.com\/wp-content\/uploads\/2023\/09\/0ea1635c-b1e8-4007-a2b1-e7a81e23e686-300x300.webp 300w, https:\/\/abrimexmexico.com\/wp-content\/uploads\/2023\/09\/0ea1635c-b1e8-4007-a2b1-e7a81e23e686-150x150.webp 150w, https:\/\/abrimexmexico.com\/wp-content\/uploads\/2023\/09\/0ea1635c-b1e8-4007-a2b1-e7a81e23e686-768x768.webp 768w\" sizes=\"(max-width: 800px) 100vw, 800px\" \/>\t\t\t\t\t\t\t\t\t\t\t\t\t\t\t<\/div>\n\t\t\t\t<\/div>\n\t\t\t\t<\/div>\n\t\t\t\t\t<\/div>\n\t\t\t\t<\/div>\n\t\t<div class=\"elementor-element elementor-element-7bbf224 e-flex e-con-boxed e-con e-parent\" data-id=\"7bbf224\" data-element_type=\"container\">\n\t\t\t\t\t<div class=\"e-con-inner\">\n\t\t\t\t<div class=\"elementor-element elementor-element-d91e005 elementor-button-align-stretch elementor-widget elementor-widget-form\" data-id=\"d91e005\" data-element_type=\"widget\" data-settings=\"{&quot;step_next_label&quot;:&quot;Siguiente&quot;,&quot;step_previous_label&quot;:&quot;Anterior&quot;,&quot;step_type&quot;:&quot;number_text&quot;,&quot;step_icon_shape&quot;:&quot;circle&quot;}\" data-widget_type=\"form.default\">\n\t\t\t\t<div class=\"elementor-widget-container\">\n\t\t\t\t\t\t\t<form class=\"elementor-form\" method=\"post\" name=\"Nuevo formulario\" aria-label=\"Nuevo formulario\">\n\t\t\t<input type=\"hidden\" name=\"post_id\" value=\"10\"\/>\n\t\t\t<input type=\"hidden\" name=\"form_id\" value=\"d91e005\"\/>\n\t\t\t<input type=\"hidden\" name=\"referer_title\" value=\"Contacto - Abrimex Mexico UniformeS\" \/>\n\n\t\t\t\t\t\t\t<input type=\"hidden\" name=\"queried_id\" value=\"10\"\/>\n\t\t\t\n\t\t\t<div class=\"elementor-form-fields-wrapper elementor-labels-above\">\n\t\t\t\t\t\t\t\t<div class=\"elementor-field-type-text elementor-field-group elementor-column elementor-field-group-name elementor-col-100\">\n\t\t\t\t\t\t\t\t\t\t\t\t<label for=\"form-field-name\" class=\"elementor-field-label\">\n\t\t\t\t\t\t\t\tNombre\t\t\t\t\t\t\t<\/label>\n\t\t\t\t\t\t\t\t\t\t\t\t\t\t<input size=\"1\" type=\"text\" name=\"form_fields[name]\" id=\"form-field-name\" class=\"elementor-field elementor-size-md  elementor-field-textual\" placeholder=\"Nombre\">\n\t\t\t\t\t\t\t\t\t\t\t<\/div>\n\t\t\t\t\t\t\t\t<div class=\"elementor-field-type-email elementor-field-group elementor-column elementor-field-group-email elementor-col-100 elementor-field-required\">\n\t\t\t\t\t\t\t\t\t\t\t\t<label for=\"form-field-email\" class=\"elementor-field-label\">\n\t\t\t\t\t\t\t\tCorreo electr\u00f3nico\t\t\t\t\t\t\t<\/label>\n\t\t\t\t\t\t\t\t\t\t\t\t\t\t<input size=\"1\" type=\"email\" name=\"form_fields[email]\" id=\"form-field-email\" class=\"elementor-field elementor-size-md  elementor-field-textual\" placeholder=\"Correo electr\u00f3nico\" required=\"required\">\n\t\t\t\t\t\t\t\t\t\t\t<\/div>\n\t\t\t\t\t\t\t\t<div class=\"elementor-field-type-textarea elementor-field-group elementor-column elementor-field-group-message elementor-col-100\">\n\t\t\t\t\t\t\t\t\t\t\t\t<label for=\"form-field-message\" class=\"elementor-field-label\">\n\t\t\t\t\t\t\t\tMensaje\t\t\t\t\t\t\t<\/label>\n\t\t\t\t\t\t<textarea class=\"elementor-field-textual elementor-field  elementor-size-md\" name=\"form_fields[message]\" id=\"form-field-message\" rows=\"4\" placeholder=\"Mensaje\"><\/textarea>\t\t\t\t<\/div>\n\t\t\t\t\t\t\t\t<div class=\"elementor-field-group elementor-column elementor-field-type-submit elementor-col-100 e-form__buttons\">\n\t\t\t\t\t<button class=\"elementor-button elementor-size-md\" type=\"submit\">\n\t\t\t\t\t\t<span class=\"elementor-button-content-wrapper\">\n\t\t\t\t\t\t\t\t\t\t\t\t\t\t\t\t\t\t\t\t\t\t<span class=\"elementor-button-text\">Enviar<\/span>\n\t\t\t\t\t\t\t\t\t\t\t\t\t<\/span>\n\t\t\t\t\t<\/button>\n\t\t\t\t<\/div>\n\t\t\t<\/div>\n\t\t<\/form>\n\t\t\t\t\t\t<\/div>\n\t\t\t\t<\/div>\n\t\t\t\t\t<\/div>\n\t\t\t\t<\/div>\n\t\t<div class=\"elementor-element elementor-element-42865a1 e-flex e-con-boxed e-con e-parent\" data-id=\"42865a1\" data-element_type=\"container\">\n\t\t\t\t\t<div class=\"e-con-inner\">\n\t\t\t\t<div class=\"elementor-element elementor-element-8506f3d elementor-widget elementor-widget-heading\" data-id=\"8506f3d\" data-element_type=\"widget\" data-widget_type=\"heading.default\">\n\t\t\t\t<div class=\"elementor-widget-container\">\n\t\t\t\t\t<h2 class=\"elementor-heading-title elementor-size-default\">\"Nuestros Principios\"<\/h2>\t\t\t\t<\/div>\n\t\t\t\t<\/div>\n\t\t\t\t\t<\/div>\n\t\t\t\t<\/div>\n\t\t<div class=\"elementor-element elementor-element-cad816b e-flex e-con-boxed e-con e-parent\" data-id=\"cad816b\" data-element_type=\"container\">\n\t\t\t\t\t<div class=\"e-con-inner\">\n\t\t<div class=\"elementor-element elementor-element-5c432a9 e-con-full e-flex e-con e-child\" data-id=\"5c432a9\" data-element_type=\"container\">\n\t\t\t\t<div class=\"elementor-element elementor-element-0ffe18a elementor-widget elementor-widget-heading\" data-id=\"0ffe18a\" data-element_type=\"widget\" data-widget_type=\"heading.default\">\n\t\t\t\t<div class=\"elementor-widget-container\">\n\t\t\t\t\t<h2 class=\"elementor-heading-title elementor-size-default\">Calidad y durabilidad<\/h2>\t\t\t\t<\/div>\n\t\t\t\t<\/div>\n\t\t\t\t<\/div>\n\t\t<div class=\"elementor-element elementor-element-2ba26f7 e-con-full e-flex e-con e-child\" data-id=\"2ba26f7\" data-element_type=\"container\">\n\t\t\t\t<div class=\"elementor-element elementor-element-5f3427e elementor-widget elementor-widget-heading\" data-id=\"5f3427e\" data-element_type=\"widget\" data-widget_type=\"heading.default\">\n\t\t\t\t<div class=\"elementor-widget-container\">\n\t\t\t\t\t<h2 class=\"elementor-heading-title elementor-size-default\">Dise\u00f1o Personalizado<\/h2>\t\t\t\t<\/div>\n\t\t\t\t<\/div>\n\t\t\t\t<\/div>\n\t\t<div class=\"elementor-element elementor-element-d6f4974 e-con-full e-flex e-con e-child\" data-id=\"d6f4974\" data-element_type=\"container\">\n\t\t\t\t<div class=\"elementor-element elementor-element-42e3f36 elementor-widget elementor-widget-heading\" data-id=\"42e3f36\" data-element_type=\"widget\" data-widget_type=\"heading.default\">\n\t\t\t\t<div class=\"elementor-widget-container\">\n\t\t\t\t\t<h2 class=\"elementor-heading-title elementor-size-default\">Variedad de opciones<\/h2>\t\t\t\t<\/div>\n\t\t\t\t<\/div>\n\t\t\t\t<\/div>\n\t\t\t\t\t<\/div>\n\t\t\t\t<\/div>\n\t\t<div class=\"elementor-element elementor-element-80c5fe6 e-flex e-con-boxed e-con e-parent\" data-id=\"80c5fe6\" data-element_type=\"container\">\n\t\t\t\t\t<div class=\"e-con-inner\">\n\t\t<div class=\"elementor-element elementor-element-73d65b6 e-con-full e-flex e-con e-child\" data-id=\"73d65b6\" data-element_type=\"container\">\n\t\t\t\t<div class=\"elementor-element elementor-element-66583d2 elementor-widget elementor-widget-text-editor\" data-id=\"66583d2\" data-element_type=\"widget\" data-widget_type=\"text-editor.default\">\n\t\t\t\t<div class=\"elementor-widget-container\">\n\t\t\t\t\t\t\t\t\t<p class=\"body\" dir=\"auto\" data-pm-slice=\"1 1 []\">Ofrecemos uniformes de alta calidad y durabilidad para garantizar la satisfacci\u00f3n de nuestros clientes.<\/p>\t\t\t\t\t\t\t\t<\/div>\n\t\t\t\t<\/div>\n\t\t\t\t<\/div>\n\t\t<div class=\"elementor-element elementor-element-969784c e-con-full e-flex e-con e-child\" data-id=\"969784c\" data-element_type=\"container\">\n\t\t\t\t<div class=\"elementor-element elementor-element-65115d9 elementor-widget elementor-widget-text-editor\" data-id=\"65115d9\" data-element_type=\"widget\" data-widget_type=\"text-editor.default\">\n\t\t\t\t<div class=\"elementor-widget-container\">\n\t\t\t\t\t\t\t\t\t<p class=\"body\" dir=\"auto\" data-pm-slice=\"1 1 []\">Creamos uniformes con dise\u00f1os personalizados que reflejen la identidad y estilo de cada empresa o centro de trabajo.<\/p>\t\t\t\t\t\t\t\t<\/div>\n\t\t\t\t<\/div>\n\t\t\t\t<\/div>\n\t\t<div class=\"elementor-element elementor-element-0b11b9d e-con-full e-flex e-con e-child\" data-id=\"0b11b9d\" data-element_type=\"container\">\n\t\t\t\t<div class=\"elementor-element elementor-element-5360fb1 elementor-widget elementor-widget-text-editor\" data-id=\"5360fb1\" data-element_type=\"widget\" data-widget_type=\"text-editor.default\">\n\t\t\t\t<div class=\"elementor-widget-container\">\n\t\t\t\t\t\t\t\t\t<p class=\"body\" dir=\"auto\" data-pm-slice=\"1 1 []\">Contamos con una amplia variedad de opciones de uniformes para adaptarnos a las necesidades de cada empresa.<\/p>\t\t\t\t\t\t\t\t<\/div>\n\t\t\t\t<\/div>\n\t\t\t\t<\/div>\n\t\t\t\t\t<\/div>\n\t\t\t\t<\/div>\n\t\t\t\t<\/div>\n\t\t","protected":false},"excerpt":{"rendered":"<p>Ponte en contacto con uno de nuestros asesores para recibir una mayor informaci\u00f3n detallada sobre todos nuestros productos disponibles. Nos encantar\u00eda proporcionarte detalles exhaustivos sobre nuestros productos de alta calidad y ayudarte a tomar la mejor decisi\u00f3n en cuanto a satisfacer tus necesidades espec\u00edficas. As\u00ed que no esperes m\u00e1s y cont\u00e1ctanos hoy mismo para obtener [&hellip;]<\/p>\n","protected":false},"author":1,"featured_media":0,"parent":0,"menu_order":0,"comment_status":"closed","ping_status":"closed","template":"","meta":{"om_disable_all_campaigns":false,"_monsterinsights_skip_tracking":false,"_monsterinsights_sitenote_active":false,"_monsterinsights_sitenote_note":"","_monsterinsights_sitenote_category":0,"footnotes":""},"class_list":["post-10","page","type-page","status-publish","hentry"],"yoast_head":"<!-- This site is optimized with the Yoast SEO Premium plugin v26.6 (Yoast SEO v27.5) - https:\/\/yoast.com\/product\/yoast-seo-premium-wordpress\/ -->\n<title>Contacto - Abrimex Mexico UniformeS<\/title>\n<meta name=\"robots\" content=\"index, follow, max-snippet:-1, max-image-preview:large, max-video-preview:-1\" \/>\n<link rel=\"canonical\" href=\"https:\/\/abrimexmexico.com\/index.php\/contacto\/\" \/>\n<meta property=\"og:locale\" content=\"es_ES\" \/>\n<meta property=\"og:type\" content=\"article\" \/>\n<meta property=\"og:title\" content=\"Contacto\" \/>\n<meta property=\"og:description\" content=\"Ponte en contacto con uno de nuestros asesores para recibir una mayor informaci\u00f3n detallada sobre todos nuestros productos disponibles. Nos encantar\u00eda proporcionarte detalles exhaustivos sobre nuestros productos de alta calidad y ayudarte a tomar la mejor decisi\u00f3n en cuanto a satisfacer tus necesidades espec\u00edficas. As\u00ed que no esperes m\u00e1s y cont\u00e1ctanos hoy mismo para obtener [&hellip;]\" \/>\n<meta property=\"og:url\" content=\"https:\/\/abrimexmexico.com\/index.php\/contacto\/\" \/>\n<meta property=\"og:site_name\" content=\"Abrimex Mexico UniformeS\" \/>\n<meta property=\"article:modified_time\" content=\"2024-07-10T03:40:22+00:00\" \/>\n<meta property=\"og:image\" content=\"https:\/\/abrimexmexico.com\/wp-content\/uploads\/2023\/09\/0ea1635c-b1e8-4007-a2b1-e7a81e23e686.webp\" \/>\n<meta name=\"twitter:card\" content=\"summary_large_image\" \/>\n<meta name=\"twitter:label1\" content=\"Tiempo de lectura\" \/>\n\t<meta name=\"twitter:data1\" content=\"2 minutos\" \/>\n<script type=\"application\/ld+json\" class=\"yoast-schema-graph\">{\"@context\":\"https:\\\/\\\/schema.org\",\"@graph\":[{\"@type\":\"WebPage\",\"@id\":\"https:\\\/\\\/abrimexmexico.com\\\/index.php\\\/contacto\\\/\",\"url\":\"https:\\\/\\\/abrimexmexico.com\\\/index.php\\\/contacto\\\/\",\"name\":\"Contacto - Abrimex Mexico UniformeS\",\"isPartOf\":{\"@id\":\"https:\\\/\\\/abrimexmexico.com\\\/#website\"},\"primaryImageOfPage\":{\"@id\":\"https:\\\/\\\/abrimexmexico.com\\\/index.php\\\/contacto\\\/#primaryimage\"},\"image\":{\"@id\":\"https:\\\/\\\/abrimexmexico.com\\\/index.php\\\/contacto\\\/#primaryimage\"},\"thumbnailUrl\":\"https:\\\/\\\/abrimexmexico.com\\\/wp-content\\\/uploads\\\/2023\\\/09\\\/0ea1635c-b1e8-4007-a2b1-e7a81e23e686.webp\",\"datePublished\":\"2023-09-04T06:12:19+00:00\",\"dateModified\":\"2024-07-10T03:40:22+00:00\",\"breadcrumb\":{\"@id\":\"https:\\\/\\\/abrimexmexico.com\\\/index.php\\\/contacto\\\/#breadcrumb\"},\"inLanguage\":\"es\",\"potentialAction\":[{\"@type\":\"ReadAction\",\"target\":[\"https:\\\/\\\/abrimexmexico.com\\\/index.php\\\/contacto\\\/\"]}]},{\"@type\":\"ImageObject\",\"inLanguage\":\"es\",\"@id\":\"https:\\\/\\\/abrimexmexico.com\\\/index.php\\\/contacto\\\/#primaryimage\",\"url\":\"https:\\\/\\\/abrimexmexico.com\\\/wp-content\\\/uploads\\\/2023\\\/09\\\/0ea1635c-b1e8-4007-a2b1-e7a81e23e686.webp\",\"contentUrl\":\"https:\\\/\\\/abrimexmexico.com\\\/wp-content\\\/uploads\\\/2023\\\/09\\\/0ea1635c-b1e8-4007-a2b1-e7a81e23e686.webp\",\"width\":1024,\"height\":1024},{\"@type\":\"BreadcrumbList\",\"@id\":\"https:\\\/\\\/abrimexmexico.com\\\/index.php\\\/contacto\\\/#breadcrumb\",\"itemListElement\":[{\"@type\":\"ListItem\",\"position\":1,\"name\":\"Portada\",\"item\":\"https:\\\/\\\/abrimexmexico.com\\\/\"},{\"@type\":\"ListItem\",\"position\":2,\"name\":\"Contacto\"}]},{\"@type\":\"WebSite\",\"@id\":\"https:\\\/\\\/abrimexmexico.com\\\/#website\",\"url\":\"https:\\\/\\\/abrimexmexico.com\\\/\",\"name\":\"Abrimex Mexico UniformeS\",\"description\":\"UNIFORMES EMPRESARIALES E INSTITUCIONALES\",\"publisher\":{\"@id\":\"https:\\\/\\\/abrimexmexico.com\\\/#organization\"},\"alternateName\":\"Abrimex\",\"potentialAction\":[{\"@type\":\"SearchAction\",\"target\":{\"@type\":\"EntryPoint\",\"urlTemplate\":\"https:\\\/\\\/abrimexmexico.com\\\/?s={search_term_string}\"},\"query-input\":{\"@type\":\"PropertyValueSpecification\",\"valueRequired\":true,\"valueName\":\"search_term_string\"}}],\"inLanguage\":\"es\"},{\"@type\":\"Organization\",\"@id\":\"https:\\\/\\\/abrimexmexico.com\\\/#organization\",\"name\":\"Abrimex Mexico UniformeS\",\"url\":\"https:\\\/\\\/abrimexmexico.com\\\/\",\"logo\":{\"@type\":\"ImageObject\",\"inLanguage\":\"es\",\"@id\":\"https:\\\/\\\/abrimexmexico.com\\\/#\\\/schema\\\/logo\\\/image\\\/\",\"url\":\"https:\\\/\\\/abrimexmexico.com\\\/wp-content\\\/uploads\\\/2024\\\/07\\\/cropped-De-colores.png\",\"contentUrl\":\"https:\\\/\\\/abrimexmexico.com\\\/wp-content\\\/uploads\\\/2024\\\/07\\\/cropped-De-colores.png\",\"width\":4091,\"height\":1171,\"caption\":\"Abrimex Mexico UniformeS\"},\"image\":{\"@id\":\"https:\\\/\\\/abrimexmexico.com\\\/#\\\/schema\\\/logo\\\/image\\\/\"}}]}<\/script>\n<!-- \/ Yoast SEO Premium plugin. -->","yoast_head_json":{"title":"Contacto - Abrimex Mexico UniformeS","robots":{"index":"index","follow":"follow","max-snippet":"max-snippet:-1","max-image-preview":"max-image-preview:large","max-video-preview":"max-video-preview:-1"},"canonical":"https:\/\/abrimexmexico.com\/index.php\/contacto\/","og_locale":"es_ES","og_type":"article","og_title":"Contacto","og_description":"Ponte en contacto con uno de nuestros asesores para recibir una mayor informaci\u00f3n detallada sobre todos nuestros productos disponibles. Nos encantar\u00eda proporcionarte detalles exhaustivos sobre nuestros productos de alta calidad y ayudarte a tomar la mejor decisi\u00f3n en cuanto a satisfacer tus necesidades espec\u00edficas. As\u00ed que no esperes m\u00e1s y cont\u00e1ctanos hoy mismo para obtener [&hellip;]","og_url":"https:\/\/abrimexmexico.com\/index.php\/contacto\/","og_site_name":"Abrimex Mexico UniformeS","article_modified_time":"2024-07-10T03:40:22+00:00","og_image":[{"url":"https:\/\/abrimexmexico.com\/wp-content\/uploads\/2023\/09\/0ea1635c-b1e8-4007-a2b1-e7a81e23e686.webp","type":"","width":"","height":""}],"twitter_card":"summary_large_image","twitter_misc":{"Tiempo de lectura":"2 minutos"},"schema":{"@context":"https:\/\/schema.org","@graph":[{"@type":"WebPage","@id":"https:\/\/abrimexmexico.com\/index.php\/contacto\/","url":"https:\/\/abrimexmexico.com\/index.php\/contacto\/","name":"Contacto - Abrimex Mexico UniformeS","isPartOf":{"@id":"https:\/\/abrimexmexico.com\/#website"},"primaryImageOfPage":{"@id":"https:\/\/abrimexmexico.com\/index.php\/contacto\/#primaryimage"},"image":{"@id":"https:\/\/abrimexmexico.com\/index.php\/contacto\/#primaryimage"},"thumbnailUrl":"https:\/\/abrimexmexico.com\/wp-content\/uploads\/2023\/09\/0ea1635c-b1e8-4007-a2b1-e7a81e23e686.webp","datePublished":"2023-09-04T06:12:19+00:00","dateModified":"2024-07-10T03:40:22+00:00","breadcrumb":{"@id":"https:\/\/abrimexmexico.com\/index.php\/contacto\/#breadcrumb"},"inLanguage":"es","potentialAction":[{"@type":"ReadAction","target":["https:\/\/abrimexmexico.com\/index.php\/contacto\/"]}]},{"@type":"ImageObject","inLanguage":"es","@id":"https:\/\/abrimexmexico.com\/index.php\/contacto\/#primaryimage","url":"https:\/\/abrimexmexico.com\/wp-content\/uploads\/2023\/09\/0ea1635c-b1e8-4007-a2b1-e7a81e23e686.webp","contentUrl":"https:\/\/abrimexmexico.com\/wp-content\/uploads\/2023\/09\/0ea1635c-b1e8-4007-a2b1-e7a81e23e686.webp","width":1024,"height":1024},{"@type":"BreadcrumbList","@id":"https:\/\/abrimexmexico.com\/index.php\/contacto\/#breadcrumb","itemListElement":[{"@type":"ListItem","position":1,"name":"Portada","item":"https:\/\/abrimexmexico.com\/"},{"@type":"ListItem","position":2,"name":"Contacto"}]},{"@type":"WebSite","@id":"https:\/\/abrimexmexico.com\/#website","url":"https:\/\/abrimexmexico.com\/","name":"Abrimex Mexico UniformeS","description":"UNIFORMES EMPRESARIALES E INSTITUCIONALES","publisher":{"@id":"https:\/\/abrimexmexico.com\/#organization"},"alternateName":"Abrimex","potentialAction":[{"@type":"SearchAction","target":{"@type":"EntryPoint","urlTemplate":"https:\/\/abrimexmexico.com\/?s={search_term_string}"},"query-input":{"@type":"PropertyValueSpecification","valueRequired":true,"valueName":"search_term_string"}}],"inLanguage":"es"},{"@type":"Organization","@id":"https:\/\/abrimexmexico.com\/#organization","name":"Abrimex Mexico UniformeS","url":"https:\/\/abrimexmexico.com\/","logo":{"@type":"ImageObject","inLanguage":"es","@id":"https:\/\/abrimexmexico.com\/#\/schema\/logo\/image\/","url":"https:\/\/abrimexmexico.com\/wp-content\/uploads\/2024\/07\/cropped-De-colores.png","contentUrl":"https:\/\/abrimexmexico.com\/wp-content\/uploads\/2024\/07\/cropped-De-colores.png","width":4091,"height":1171,"caption":"Abrimex Mexico UniformeS"},"image":{"@id":"https:\/\/abrimexmexico.com\/#\/schema\/logo\/image\/"}}]}},"_links":{"self":[{"href":"https:\/\/abrimexmexico.com\/index.php\/wp-json\/wp\/v2\/pages\/10","targetHints":{"allow":["GET"]}}],"collection":[{"href":"https:\/\/abrimexmexico.com\/index.php\/wp-json\/wp\/v2\/pages"}],"about":[{"href":"https:\/\/abrimexmexico.com\/index.php\/wp-json\/wp\/v2\/types\/page"}],"author":[{"embeddable":true,"href":"https:\/\/abrimexmexico.com\/index.php\/wp-json\/wp\/v2\/users\/1"}],"replies":[{"embeddable":true,"href":"https:\/\/abrimexmexico.com\/index.php\/wp-json\/wp\/v2\/comments?post=10"}],"version-history":[{"count":34,"href":"https:\/\/abrimexmexico.com\/index.php\/wp-json\/wp\/v2\/pages\/10\/revisions"}],"predecessor-version":[{"id":1017,"href":"https:\/\/abrimexmexico.com\/index.php\/wp-json\/wp\/v2\/pages\/10\/revisions\/1017"}],"wp:attachment":[{"href":"https:\/\/abrimexmexico.com\/index.php\/wp-json\/wp\/v2\/media?parent=10"}],"curies":[{"name":"wp","href":"https:\/\/api.w.org\/{rel}","templated":true}]}}